{"id":16,"date":"2024-10-16T16:59:34","date_gmt":"2024-10-16T14:59:34","guid":{"rendered":"https:\/\/solidarite-phoceenne-provencale.fr\/?page_id=16"},"modified":"2024-11-07T19:33:23","modified_gmt":"2024-11-07T18:33:23","slug":"a-propos-de","status":"publish","type":"page","link":"https:\/\/solidarite-phoceenne-provencale.fr\/index.php\/a-propos-de\/","title":{"rendered":"Mentions l\u00e9gales"},"content":{"rendered":"\n<p><strong>SIREN : 421 975 475<br>SIRET (si\u00e8ge) : 421 975 475 00011<br>Forme juridique : Association d\u00e9clar\u00e9e<br>Identifiant association : W133000296<br>Adresse : 26 Rue Lafon 13006 Marseille<\/strong><\/p>\n\n\n\n<p><strong>Le site est h\u00e9berg\u00e9 par SARL LWS,  10, rue Penthievre, 75008 Paris<\/strong><\/p>\n\n\n\n<p><a href=\"https:\/\/solidarite-phoceenne-provencale.fr\/index.php\/politique-de-confidentialite\/\" data-type=\"page\" data-id=\"3\">Prenez connaissance de notre politique de confidentialit\u00e9 en cliquant sur cette phrase.<\/a><\/p>\n\n\n<div class=\"wp-block-image is-style-rounded\">\n<figure class=\"aligncenter size-full\"><img data-recalc-dims=\"1\" loading=\"lazy\" decoding=\"async\" width=\"525\" height=\"263\" src=\"https:\/\/i0.wp.com\/solidarite-phoceenne-provencale.fr\/wp-content\/uploads\/2024\/10\/Legal1.jpg?resize=525%2C263&#038;ssl=1\" alt=\"\" class=\"wp-image-177\" srcset=\"https:\/\/i0.wp.com\/solidarite-phoceenne-provencale.fr\/wp-content\/uploads\/2024\/10\/Legal1.jpg?w=1000&amp;ssl=1 1000w, https:\/\/i0.wp.com\/solidarite-phoceenne-provencale.fr\/wp-content\/uploads\/2024\/10\/Legal1.jpg?resize=300%2C150&amp;ssl=1 300w, https:\/\/i0.wp.com\/solidarite-phoceenne-provencale.fr\/wp-content\/uploads\/2024\/10\/Legal1.jpg?resize=768%2C384&amp;ssl=1 768w\" sizes=\"auto, (max-width: 767px) 89vw, (max-width: 1000px) 54vw, (max-width: 1071px) 543px, 580px\" \/><\/figure>\n<\/div>\n\n\n<p style=\"font-size:9px\">Ce site  a \u00e9t\u00e9 fait b\u00e9n\u00e9volement par un Fr\u00e8re de la Grande Loge de France.<\/p>\n","protected":false},"excerpt":{"rendered":"<p>SIREN : 421 975 475SIRET (si\u00e8ge) : 421 975 475 00011Forme juridique : Association d\u00e9clar\u00e9eIdentifiant association : W133000296Adresse : 26 Rue Lafon 13006 Marseille Le site est h\u00e9berg\u00e9 par SARL LWS, 10, rue Penthievre, 75008 Paris Prenez connaissance de notre politique de confidentialit\u00e9 en cliquant sur cette phrase. Ce site a \u00e9t\u00e9 fait b\u00e9n\u00e9volement par &hellip; <\/p>\n<p class=\"link-more\"><a href=\"https:\/\/solidarite-phoceenne-provencale.fr\/index.php\/a-propos-de\/\" class=\"more-link\">Continuer la lecture<span class=\"screen-reader-text\"> de &laquo;&nbsp;Mentions l\u00e9gales&nbsp;&raquo;<\/span><\/a><\/p>\n","protected":false},"author":4,"featured_media":0,"parent":0,"menu_order":0,"comment_status":"closed","ping_status":"closed","template":"","meta":{"advanced_seo_description":"","jetpack_seo_html_title":"","jetpack_seo_noindex":false,"footnotes":""},"class_list":["post-16","page","type-page","status-publish","hentry"],"jetpack_sharing_enabled":true,"_links":{"self":[{"href":"https:\/\/solidarite-phoceenne-provencale.fr\/index.php\/wp-json\/wp\/v2\/pages\/16","targetHints":{"allow":["GET"]}}],"collection":[{"href":"https:\/\/solidarite-phoceenne-provencale.fr\/index.php\/wp-json\/wp\/v2\/pages"}],"about":[{"href":"https:\/\/solidarite-phoceenne-provencale.fr\/index.php\/wp-json\/wp\/v2\/types\/page"}],"author":[{"embeddable":true,"href":"https:\/\/solidarite-phoceenne-provencale.fr\/index.php\/wp-json\/wp\/v2\/users\/4"}],"replies":[{"embeddable":true,"href":"https:\/\/solidarite-phoceenne-provencale.fr\/index.php\/wp-json\/wp\/v2\/comments?post=16"}],"version-history":[{"count":1,"href":"https:\/\/solidarite-phoceenne-provencale.fr\/index.php\/wp-json\/wp\/v2\/pages\/16\/revisions"}],"predecessor-version":[{"id":289,"href":"https:\/\/solidarite-phoceenne-provencale.fr\/index.php\/wp-json\/wp\/v2\/pages\/16\/revisions\/289"}],"wp:attachment":[{"href":"https:\/\/solidarite-phoceenne-provencale.fr\/index.php\/wp-json\/wp\/v2\/media?parent=16"}],"curies":[{"name":"wp","href":"https:\/\/api.w.org\/{rel}","templated":true}]}}